{"id":808,"date":"2024-01-28T12:13:52","date_gmt":"2024-01-28T15:13:52","guid":{"rendered":"https:\/\/econserv.com.br\/?page_id=808"},"modified":"2024-02-15T12:02:43","modified_gmt":"2024-02-15T15:02:43","slug":"galeria","status":"publish","type":"page","link":"https:\/\/econserv.com.br\/en\/galeria\/","title":{"rendered":"Gallery"},"content":{"rendered":"<div data-elementor-type=\"wp-page\" data-elementor-id=\"808\" class=\"elementor elementor-808\" data-elementor-settings=\"{&quot;ha_cmc_init_switcher&quot;:&quot;no&quot;}\" data-elementor-post-type=\"page\">\n\t\t\t\t<div class=\"elementor-element elementor-element-9ef2152 e-flex e-con-boxed e-con e-parent\" data-id=\"9ef2152\" data-element_type=\"container\" data-e-type=\"container\" data-settings=\"{&quot;background_background&quot;:&quot;classic&quot;,&quot;_ha_eqh_enable&quot;:false}\">\n\t\t\t\t\t<div class=\"e-con-inner\">\n\t\t<div class=\"elementor-element elementor-element-bf9a328 e-con-full e-flex e-con e-child\" data-id=\"bf9a328\" data-element_type=\"container\" data-e-type=\"container\" data-settings=\"{&quot;_ha_eqh_enable&quot;:false}\">\n\t\t\t\t<div class=\"elementor-element elementor-element-c34314f elementor-widget-mobile__width-initial elementor-widget elementor-widget-heading\" data-id=\"c34314f\" data-element_type=\"widget\" data-e-type=\"widget\" data-widget_type=\"heading.default\">\n\t\t\t\t<div class=\"elementor-widget-container\">\n\t\t\t\t\t<h2 class=\"elementor-heading-title elementor-size-default\">Galeria de fotos<\/h2>\t\t\t\t<\/div>\n\t\t\t\t<\/div>\n\t\t\t\t<div class=\"elementor-element elementor-element-0c80759 elementor-widget__width-initial elementor-widget elementor-widget-text-editor\" data-id=\"0c80759\" data-element_type=\"widget\" data-e-type=\"widget\" data-widget_type=\"text-editor.default\">\n\t\t\t\t<div class=\"elementor-widget-container\">\n\t\t\t\t\t\t\t\t\t<p>Our commitment to excellence in our work over the years through the photo gallery<\/p>\t\t\t\t\t\t\t\t<\/div>\n\t\t\t\t<\/div>\n\t\t\t\t<\/div>\n\t\t<div class=\"elementor-element elementor-element-fcaea96 e-flex e-con-boxed e-con e-child\" data-id=\"fcaea96\" data-element_type=\"container\" data-e-type=\"container\" data-settings=\"{&quot;background_background&quot;:&quot;classic&quot;,&quot;_ha_eqh_enable&quot;:false}\">\n\t\t\t\t\t<div class=\"e-con-inner\">\n\t\t\t\t<div class=\"elementor-element elementor-element-aba09fb elementor-widget elementor-widget-image\" data-id=\"aba09fb\" data-element_type=\"widget\" data-e-type=\"widget\" data-widget_type=\"image.default\">\n\t\t\t\t<div class=\"elementor-widget-container\">\n\t\t\t\t\t\t\t\t\t\t\t\t\t\t\t<img fetchpriority=\"high\" decoding=\"async\" width=\"368\" height=\"287\" src=\"https:\/\/econserv.com.br\/wp-content\/uploads\/2024\/02\/image-83.png\" class=\"attachment-full size-full wp-image-1233\" alt=\"\" \/>\t\t\t\t\t\t\t\t\t\t\t\t\t\t\t<\/div>\n\t\t\t\t<\/div>\n\t\t\t\t\t<\/div>\n\t\t\t\t<\/div>\n\t\t\t\t\t<\/div>\n\t\t\t\t<\/div>\n\t\t<div class=\"elementor-element elementor-element-1860a12 e-con-full e-flex e-con e-parent\" data-id=\"1860a12\" data-element_type=\"container\" data-e-type=\"container\" data-settings=\"{&quot;_ha_eqh_enable&quot;:false}\">\n\t\t\t\t<div class=\"elementor-element elementor-element-6a22c97 elementor-widget elementor-widget-gallery\" data-id=\"6a22c97\" data-element_type=\"widget\" data-e-type=\"widget\" data-settings=\"{&quot;lazyload&quot;:&quot;yes&quot;,&quot;gallery_layout&quot;:&quot;grid&quot;,&quot;columns&quot;:4,&quot;columns_tablet&quot;:2,&quot;columns_mobile&quot;:1,&quot;gap&quot;:{&quot;unit&quot;:&quot;px&quot;,&quot;size&quot;:10,&quot;sizes&quot;:[]},&quot;gap_tablet&quot;:{&quot;unit&quot;:&quot;px&quot;,&quot;size&quot;:10,&quot;sizes&quot;:[]},&quot;gap_mobile&quot;:{&quot;unit&quot;:&quot;px&quot;,&quot;size&quot;:10,&quot;sizes&quot;:[]},&quot;link_to&quot;:&quot;file&quot;,&quot;aspect_ratio&quot;:&quot;3:2&quot;,&quot;overlay_background&quot;:&quot;yes&quot;,&quot;content_hover_animation&quot;:&quot;fade-in&quot;}\" data-widget_type=\"gallery.default\">\n\t\t\t\t<div class=\"elementor-widget-container\">\n\t\t\t\t\t\t\t<div class=\"elementor-gallery__container\">\n\t\t\t\t\t\t\t<a class=\"e-gallery-item elementor-gallery-item elementor-animated-content\" href=\"https:\/\/econserv.com.br\/wp-content\/uploads\/2024\/01\/DSC00003.jpg\" data-elementor-open-lightbox=\"yes\" data-elementor-lightbox-slideshow=\"6a22c97\" data-elementor-lightbox-title=\"DSC00003\" data-e-action-hash=\"#elementor-action%3Aaction%3Dlightbox%26settings%3DeyJpZCI6OTgwLCJ1cmwiOiJodHRwczpcL1wvZWNvbnNlcnYuY29tLmJyXC93cC1jb250ZW50XC91cGxvYWRzXC8yMDI0XC8wMVwvRFNDMDAwMDMuanBnIiwic2xpZGVzaG93IjoiNmEyMmM5NyJ9\">\n\t\t\t\t\t<div class=\"e-gallery-image elementor-gallery-item__image\" data-thumbnail=\"https:\/\/econserv.com.br\/wp-content\/uploads\/2024\/01\/DSC00003.jpg\" data-width=\"300\" data-height=\"225\" aria-label=\"\" role=\"img\" ><\/div>\n\t\t\t\t\t\t\t\t\t\t\t<div class=\"elementor-gallery-item__overlay\"><\/div>\n\t\t\t\t\t\t\t\t\t\t\t\t\t\t<\/a>\n\t\t\t\t\t\t\t<a class=\"e-gallery-item elementor-gallery-item elementor-animated-content\" href=\"https:\/\/econserv.com.br\/wp-content\/uploads\/2024\/01\/Megaptera-novaeanglie-na-regia\u0303o-do-Cabo-Frio-RJ.-Foto-Rodrigo-Tardin.jpg\" data-elementor-open-lightbox=\"yes\" data-elementor-lightbox-slideshow=\"6a22c97\" data-e-action-hash=\"#elementor-action%3Aaction%3Dlightbox%26settings%3DeyJpZCI6OTgxLCJ1cmwiOiJodHRwczpcL1wvZWNvbnNlcnYuY29tLmJyXC93cC1jb250ZW50XC91cGxvYWRzXC8yMDI0XC8wMVwvTWVnYXB0ZXJhLW5vdmFlYW5nbGllLW5hLXJlZ2lhXHUwMzAzby1kby1DYWJvLUZyaW8tUkouLUZvdG8tUm9kcmlnby1UYXJkaW4uanBnIiwic2xpZGVzaG93IjoiNmEyMmM5NyJ9\">\n\t\t\t\t\t<div class=\"e-gallery-image elementor-gallery-item__image\" data-thumbnail=\"https:\/\/econserv.com.br\/wp-content\/uploads\/2024\/01\/Megaptera-novaeanglie-na-regia\u0303o-do-Cabo-Frio-RJ.-Foto-Rodrigo-Tardin.jpg\" data-width=\"300\" data-height=\"200\" aria-label=\"\" role=\"img\" ><\/div>\n\t\t\t\t\t\t\t\t\t\t\t<div class=\"elementor-gallery-item__overlay\"><\/div>\n\t\t\t\t\t\t\t\t\t\t\t\t\t\t<\/a>\n\t\t\t\t\t\t\t<a class=\"e-gallery-item elementor-gallery-item elementor-animated-content\" href=\"https:\/\/econserv.com.br\/wp-content\/uploads\/2024\/01\/top-view-shot-of-a-humpback-whale-in-the-ocean-2023-11-27-04-56-08-utc.jpg\" data-elementor-open-lightbox=\"yes\" data-elementor-lightbox-slideshow=\"6a22c97\" data-elementor-lightbox-title=\"Baleia\" data-e-action-hash=\"#elementor-action%3Aaction%3Dlightbox%26settings%3DeyJpZCI6OTg4LCJ1cmwiOiJodHRwczpcL1wvZWNvbnNlcnYuY29tLmJyXC93cC1jb250ZW50XC91cGxvYWRzXC8yMDI0XC8wMVwvdG9wLXZpZXctc2hvdC1vZi1hLWh1bXBiYWNrLXdoYWxlLWluLXRoZS1vY2Vhbi0yMDIzLTExLTI3LTA0LTU2LTA4LXV0Yy5qcGciLCJzbGlkZXNob3ciOiI2YTIyYzk3In0%3D\">\n\t\t\t\t\t<div class=\"e-gallery-image elementor-gallery-item__image\" data-thumbnail=\"https:\/\/econserv.com.br\/wp-content\/uploads\/2024\/01\/top-view-shot-of-a-humpback-whale-in-the-ocean-2023-11-27-04-56-08-utc.jpg\" data-width=\"300\" data-height=\"225\" aria-label=\"\" role=\"img\" ><\/div>\n\t\t\t\t\t\t\t\t\t\t\t<div class=\"elementor-gallery-item__overlay\"><\/div>\n\t\t\t\t\t\t\t\t\t\t\t\t\t\t<\/a>\n\t\t\t\t\t\t\t<a class=\"e-gallery-item elementor-gallery-item elementor-animated-content\" href=\"https:\/\/econserv.com.br\/wp-content\/uploads\/2024\/01\/Monitoramento-e-foto-identificac\u0327a\u0303o-de-ceta\u0301ceos.jpg\" data-elementor-open-lightbox=\"yes\" data-elementor-lightbox-slideshow=\"6a22c97\" data-e-action-hash=\"#elementor-action%3Aaction%3Dlightbox%26settings%3DeyJpZCI6OTgzLCJ1cmwiOiJodHRwczpcL1wvZWNvbnNlcnYuY29tLmJyXC93cC1jb250ZW50XC91cGxvYWRzXC8yMDI0XC8wMVwvTW9uaXRvcmFtZW50by1lLWZvdG8taWRlbnRpZmljYWNcdTAzMjdhXHUwMzAzby1kZS1jZXRhXHUwMzAxY2Vvcy5qcGciLCJzbGlkZXNob3ciOiI2YTIyYzk3In0%3D\">\n\t\t\t\t\t<div class=\"e-gallery-image elementor-gallery-item__image\" data-thumbnail=\"https:\/\/econserv.com.br\/wp-content\/uploads\/2024\/01\/Monitoramento-e-foto-identificac\u0327a\u0303o-de-ceta\u0301ceos.jpg\" data-width=\"300\" data-height=\"234\" aria-label=\"\" role=\"img\" ><\/div>\n\t\t\t\t\t\t\t\t\t\t\t<div class=\"elementor-gallery-item__overlay\"><\/div>\n\t\t\t\t\t\t\t\t\t\t\t\t\t\t<\/a>\n\t\t\t\t\t\t\t<a class=\"e-gallery-item elementor-gallery-item elementor-animated-content\" href=\"https:\/\/econserv.com.br\/wp-content\/uploads\/2024\/01\/pexels-patricia-hoyos-13822368.jpg\" data-elementor-open-lightbox=\"yes\" data-elementor-lightbox-slideshow=\"6a22c97\" data-e-action-hash=\"#elementor-action%3Aaction%3Dlightbox%26settings%3DeyJpZCI6OTg0LCJ1cmwiOiJodHRwczpcL1wvZWNvbnNlcnYuY29tLmJyXC93cC1jb250ZW50XC91cGxvYWRzXC8yMDI0XC8wMVwvcGV4ZWxzLXBhdHJpY2lhLWhveW9zLTEzODIyMzY4LmpwZyIsInNsaWRlc2hvdyI6IjZhMjJjOTcifQ%3D%3D\">\n\t\t\t\t\t<div class=\"e-gallery-image elementor-gallery-item__image\" data-thumbnail=\"https:\/\/econserv.com.br\/wp-content\/uploads\/2024\/01\/pexels-patricia-hoyos-13822368.jpg\" data-width=\"300\" data-height=\"200\" aria-label=\"\" role=\"img\" ><\/div>\n\t\t\t\t\t\t\t\t\t\t\t<div class=\"elementor-gallery-item__overlay\"><\/div>\n\t\t\t\t\t\t\t\t\t\t\t\t\t\t<\/a>\n\t\t\t\t\t\t\t<a class=\"e-gallery-item elementor-gallery-item elementor-animated-content\" href=\"https:\/\/econserv.com.br\/wp-content\/uploads\/2024\/01\/cape-cross-seal-colony-namibia-2023-11-27-05-34-00-utc.jpg\" data-elementor-open-lightbox=\"yes\" data-elementor-lightbox-slideshow=\"6a22c97\" data-e-action-hash=\"#elementor-action%3Aaction%3Dlightbox%26settings%3DeyJpZCI6OTc4LCJ1cmwiOiJodHRwczpcL1wvZWNvbnNlcnYuY29tLmJyXC93cC1jb250ZW50XC91cGxvYWRzXC8yMDI0XC8wMVwvY2FwZS1jcm9zcy1zZWFsLWNvbG9ueS1uYW1pYmlhLTIwMjMtMTEtMjctMDUtMzQtMDAtdXRjLmpwZyIsInNsaWRlc2hvdyI6IjZhMjJjOTcifQ%3D%3D\">\n\t\t\t\t\t<div class=\"e-gallery-image elementor-gallery-item__image\" data-thumbnail=\"https:\/\/econserv.com.br\/wp-content\/uploads\/2024\/01\/cape-cross-seal-colony-namibia-2023-11-27-05-34-00-utc.jpg\" data-width=\"300\" data-height=\"200\" aria-label=\"\" role=\"img\" ><\/div>\n\t\t\t\t\t\t\t\t\t\t\t<div class=\"elementor-gallery-item__overlay\"><\/div>\n\t\t\t\t\t\t\t\t\t\t\t\t\t\t<\/a>\n\t\t\t\t\t\t\t<a class=\"e-gallery-item elementor-gallery-item elementor-animated-content\" href=\"https:\/\/econserv.com.br\/wp-content\/uploads\/2024\/01\/top-view-shot-of-a-humpback-whale-in-the-ocean-2023-11-27-05-02-18-utc.jpg\" data-elementor-open-lightbox=\"yes\" data-elementor-lightbox-slideshow=\"6a22c97\" data-elementor-lightbox-title=\"Jubarte\" data-e-action-hash=\"#elementor-action%3Aaction%3Dlightbox%26settings%3DeyJpZCI6OTg5LCJ1cmwiOiJodHRwczpcL1wvZWNvbnNlcnYuY29tLmJyXC93cC1jb250ZW50XC91cGxvYWRzXC8yMDI0XC8wMVwvdG9wLXZpZXctc2hvdC1vZi1hLWh1bXBiYWNrLXdoYWxlLWluLXRoZS1vY2Vhbi0yMDIzLTExLTI3LTA1LTAyLTE4LXV0Yy5qcGciLCJzbGlkZXNob3ciOiI2YTIyYzk3In0%3D\">\n\t\t\t\t\t<div class=\"e-gallery-image elementor-gallery-item__image\" data-thumbnail=\"https:\/\/econserv.com.br\/wp-content\/uploads\/2024\/01\/top-view-shot-of-a-humpback-whale-in-the-ocean-2023-11-27-05-02-18-utc.jpg\" data-width=\"300\" data-height=\"240\" aria-label=\"\" role=\"img\" ><\/div>\n\t\t\t\t\t\t\t\t\t\t\t<div class=\"elementor-gallery-item__overlay\"><\/div>\n\t\t\t\t\t\t\t\t\t\t\t\t\t\t<\/a>\n\t\t\t\t\t\t\t<a class=\"e-gallery-item elementor-gallery-item elementor-animated-content\" href=\"https:\/\/econserv.com.br\/wp-content\/uploads\/2024\/01\/southern-right-whale-jumping-2023-11-27-05-28-43-utc.jpg\" data-elementor-open-lightbox=\"yes\" data-elementor-lightbox-slideshow=\"6a22c97\" data-e-action-hash=\"#elementor-action%3Aaction%3Dlightbox%26settings%3DeyJpZCI6OTg2LCJ1cmwiOiJodHRwczpcL1wvZWNvbnNlcnYuY29tLmJyXC93cC1jb250ZW50XC91cGxvYWRzXC8yMDI0XC8wMVwvc291dGhlcm4tcmlnaHQtd2hhbGUtanVtcGluZy0yMDIzLTExLTI3LTA1LTI4LTQzLXV0Yy5qcGciLCJzbGlkZXNob3ciOiI2YTIyYzk3In0%3D\">\n\t\t\t\t\t<div class=\"e-gallery-image elementor-gallery-item__image\" data-thumbnail=\"https:\/\/econserv.com.br\/wp-content\/uploads\/2024\/01\/southern-right-whale-jumping-2023-11-27-05-28-43-utc.jpg\" data-width=\"300\" data-height=\"228\" aria-label=\"\" role=\"img\" ><\/div>\n\t\t\t\t\t\t\t\t\t\t\t<div class=\"elementor-gallery-item__overlay\"><\/div>\n\t\t\t\t\t\t\t\t\t\t\t\t\t\t<\/a>\n\t\t\t\t\t\t\t<a class=\"e-gallery-item elementor-gallery-item elementor-animated-content\" href=\"https:\/\/econserv.com.br\/wp-content\/uploads\/2024\/01\/Bioacustica-Animal.-Sepetiba-RJ.jpg\" data-elementor-open-lightbox=\"yes\" data-elementor-lightbox-slideshow=\"6a22c97\" data-e-action-hash=\"#elementor-action%3Aaction%3Dlightbox%26settings%3DeyJpZCI6OTc3LCJ1cmwiOiJodHRwczpcL1wvZWNvbnNlcnYuY29tLmJyXC93cC1jb250ZW50XC91cGxvYWRzXC8yMDI0XC8wMVwvQmlvYWN1c3RpY2EtQW5pbWFsLi1TZXBldGliYS1SSi5qcGciLCJzbGlkZXNob3ciOiI2YTIyYzk3In0%3D\">\n\t\t\t\t\t<div class=\"e-gallery-image elementor-gallery-item__image\" data-thumbnail=\"https:\/\/econserv.com.br\/wp-content\/uploads\/2024\/01\/Bioacustica-Animal.-Sepetiba-RJ.jpg\" data-width=\"300\" data-height=\"200\" aria-label=\"\" role=\"img\" ><\/div>\n\t\t\t\t\t\t\t\t\t\t\t<div class=\"elementor-gallery-item__overlay\"><\/div>\n\t\t\t\t\t\t\t\t\t\t\t\t\t\t<\/a>\n\t\t\t\t\t\t\t<a class=\"e-gallery-item elementor-gallery-item elementor-animated-content\" href=\"https:\/\/econserv.com.br\/wp-content\/uploads\/2024\/01\/top-view-shot-of-a-humpback-whale-in-the-ocean-2023-11-27-05-10-37-utc.jpg\" data-elementor-open-lightbox=\"yes\" data-elementor-lightbox-slideshow=\"6a22c97\" data-e-action-hash=\"#elementor-action%3Aaction%3Dlightbox%26settings%3DeyJpZCI6OTkwLCJ1cmwiOiJodHRwczpcL1wvZWNvbnNlcnYuY29tLmJyXC93cC1jb250ZW50XC91cGxvYWRzXC8yMDI0XC8wMVwvdG9wLXZpZXctc2hvdC1vZi1hLWh1bXBiYWNrLXdoYWxlLWluLXRoZS1vY2Vhbi0yMDIzLTExLTI3LTA1LTEwLTM3LXV0Yy5qcGciLCJzbGlkZXNob3ciOiI2YTIyYzk3In0%3D\">\n\t\t\t\t\t<div class=\"e-gallery-image elementor-gallery-item__image\" data-thumbnail=\"https:\/\/econserv.com.br\/wp-content\/uploads\/2024\/01\/top-view-shot-of-a-humpback-whale-in-the-ocean-2023-11-27-05-10-37-utc.jpg\" data-width=\"240\" data-height=\"300\" aria-label=\"\" role=\"img\" ><\/div>\n\t\t\t\t\t\t\t\t\t\t\t<div class=\"elementor-gallery-item__overlay\"><\/div>\n\t\t\t\t\t\t\t\t\t\t\t\t\t\t<\/a>\n\t\t\t\t\t\t\t<a class=\"e-gallery-item elementor-gallery-item elementor-animated-content\" href=\"https:\/\/econserv.com.br\/wp-content\/uploads\/2024\/01\/southern-right-whale-gansbaai-south-africa-2023-11-27-05-10-12-utc.jpg\" data-elementor-open-lightbox=\"yes\" data-elementor-lightbox-slideshow=\"6a22c97\" data-e-action-hash=\"#elementor-action%3Aaction%3Dlightbox%26settings%3DeyJpZCI6OTg1LCJ1cmwiOiJodHRwczpcL1wvZWNvbnNlcnYuY29tLmJyXC93cC1jb250ZW50XC91cGxvYWRzXC8yMDI0XC8wMVwvc291dGhlcm4tcmlnaHQtd2hhbGUtZ2Fuc2JhYWktc291dGgtYWZyaWNhLTIwMjMtMTEtMjctMDUtMTAtMTItdXRjLmpwZyIsInNsaWRlc2hvdyI6IjZhMjJjOTcifQ%3D%3D\">\n\t\t\t\t\t<div class=\"e-gallery-image elementor-gallery-item__image\" data-thumbnail=\"https:\/\/econserv.com.br\/wp-content\/uploads\/2024\/01\/southern-right-whale-gansbaai-south-africa-2023-11-27-05-10-12-utc.jpg\" data-width=\"300\" data-height=\"168\" aria-label=\"\" role=\"img\" ><\/div>\n\t\t\t\t\t\t\t\t\t\t\t<div class=\"elementor-gallery-item__overlay\"><\/div>\n\t\t\t\t\t\t\t\t\t\t\t\t\t\t<\/a>\n\t\t\t\t\t\t\t<a class=\"e-gallery-item elementor-gallery-item elementor-animated-content\" href=\"https:\/\/econserv.com.br\/wp-content\/uploads\/2024\/01\/Curso-resgate-e-reab-pratico.jpg\" data-elementor-open-lightbox=\"yes\" data-elementor-lightbox-slideshow=\"6a22c97\" data-e-action-hash=\"#elementor-action%3Aaction%3Dlightbox%26settings%3DeyJpZCI6OTc5LCJ1cmwiOiJodHRwczpcL1wvZWNvbnNlcnYuY29tLmJyXC93cC1jb250ZW50XC91cGxvYWRzXC8yMDI0XC8wMVwvQ3Vyc28tcmVzZ2F0ZS1lLXJlYWItcHJhdGljby5qcGciLCJzbGlkZXNob3ciOiI2YTIyYzk3In0%3D\">\n\t\t\t\t\t<div class=\"e-gallery-image elementor-gallery-item__image\" data-thumbnail=\"https:\/\/econserv.com.br\/wp-content\/uploads\/2024\/01\/Curso-resgate-e-reab-pratico.jpg\" data-width=\"300\" data-height=\"169\" aria-label=\"\" role=\"img\" ><\/div>\n\t\t\t\t\t\t\t\t\t\t\t<div class=\"elementor-gallery-item__overlay\"><\/div>\n\t\t\t\t\t\t\t\t\t\t\t\t\t\t<\/a>\n\t\t\t\t\t\t\t<a class=\"e-gallery-item elementor-gallery-item elementor-animated-content\" href=\"https:\/\/econserv.com.br\/wp-content\/uploads\/2024\/01\/top-view-of-three-different-sized-humpback-whales-2023-11-27-05-12-28-utc.jpg\" data-elementor-open-lightbox=\"yes\" data-elementor-lightbox-slideshow=\"6a22c97\" data-elementor-lightbox-title=\"Top view of three different-sized humpback whales swimming in clear blue water\" data-e-action-hash=\"#elementor-action%3Aaction%3Dlightbox%26settings%3DeyJpZCI6OTg3LCJ1cmwiOiJodHRwczpcL1wvZWNvbnNlcnYuY29tLmJyXC93cC1jb250ZW50XC91cGxvYWRzXC8yMDI0XC8wMVwvdG9wLXZpZXctb2YtdGhyZWUtZGlmZmVyZW50LXNpemVkLWh1bXBiYWNrLXdoYWxlcy0yMDIzLTExLTI3LTA1LTEyLTI4LXV0Yy5qcGciLCJzbGlkZXNob3ciOiI2YTIyYzk3In0%3D\">\n\t\t\t\t\t<div class=\"e-gallery-image elementor-gallery-item__image\" data-thumbnail=\"https:\/\/econserv.com.br\/wp-content\/uploads\/2024\/01\/top-view-of-three-different-sized-humpback-whales-2023-11-27-05-12-28-utc.jpg\" data-width=\"300\" data-height=\"200\" aria-label=\"\" role=\"img\" ><\/div>\n\t\t\t\t\t\t\t\t\t\t\t<div class=\"elementor-gallery-item__overlay\"><\/div>\n\t\t\t\t\t\t\t\t\t\t\t\t\t\t<\/a>\n\t\t\t\t\t<\/div>\n\t\t\t\t\t<\/div>\n\t\t\t\t<\/div>\n\t\t\t\t<\/div>\n\t\t<div class=\"elementor-element elementor-element-451f3b8 e-flex e-con-boxed e-con e-parent\" data-id=\"451f3b8\" data-element_type=\"container\" data-e-type=\"container\" data-settings=\"{&quot;background_background&quot;:&quot;classic&quot;,&quot;_ha_eqh_enable&quot;:false}\">\n\t\t\t\t\t<div class=\"e-con-inner\">\n\t\t<div class=\"elementor-element elementor-element-84806f4 e-con-full e-flex e-con e-child\" data-id=\"84806f4\" data-element_type=\"container\" data-e-type=\"container\" data-settings=\"{&quot;_ha_eqh_enable&quot;:false}\">\n\t\t\t\t<div class=\"elementor-element elementor-element-669ec54 elementor-widget-mobile__width-initial elementor-widget elementor-widget-heading\" data-id=\"669ec54\" data-element_type=\"widget\" data-e-type=\"widget\" data-widget_type=\"heading.default\">\n\t\t\t\t<div class=\"elementor-widget-container\">\n\t\t\t\t\t<h2 class=\"elementor-heading-title elementor-size-default\">Need help? Contact our team via WhatsApp<\/h2>\t\t\t\t<\/div>\n\t\t\t\t<\/div>\n\t\t\t\t<div class=\"elementor-element elementor-element-ba1534b elementor-widget__width-initial elementor-widget elementor-widget-text-editor\" data-id=\"ba1534b\" data-element_type=\"widget\" data-e-type=\"widget\" data-widget_type=\"text-editor.default\">\n\t\t\t\t<div class=\"elementor-widget-container\">\n\t\t\t\t\t\t\t\t\t<p>Talk to our team on WhatsApp and turn your actions into positive impacts<\/p>\t\t\t\t\t\t\t\t<\/div>\n\t\t\t\t<\/div>\n\t\t\t\t<\/div>\n\t\t<div class=\"elementor-element elementor-element-9079c29 e-con-full e-flex e-con e-child\" data-id=\"9079c29\" data-element_type=\"container\" data-e-type=\"container\" data-settings=\"{&quot;_ha_eqh_enable&quot;:false}\">\n\t\t\t\t<div class=\"elementor-element elementor-element-b903e72 elementor-tablet-align-center elementor-align-right elementor-widget elementor-widget-button\" data-id=\"b903e72\" data-element_type=\"widget\" data-e-type=\"widget\" data-widget_type=\"button.default\">\n\t\t\t\t<div class=\"elementor-widget-container\">\n\t\t\t\t\t\t\t\t\t<div class=\"elementor-button-wrapper\">\n\t\t\t\t\t<a class=\"elementor-button elementor-button-link elementor-size-sm elementor-animation-grow\" href=\"https:\/\/wa.me\/554196684280\">\n\t\t\t\t\t\t<span class=\"elementor-button-content-wrapper\">\n\t\t\t\t\t\t<span class=\"elementor-button-icon\">\n\t\t\t\t<svg aria-hidden=\"true\" class=\"e-font-icon-svg e-fas-arrow-right\" viewbox=\"0 0 448 512\" xmlns=\"http:\/\/www.w3.org\/2000\/svg\"><path d=\"M190.5 66.9l22.2-22.2c9.4-9.4 24.6-9.4 33.9 0L441 239c9.4 9.4 9.4 24.6 0 33.9L246.6 467.3c-9.4 9.4-24.6 9.4-33.9 0l-22.2-22.2c-9.5-9.5-9.3-25 .4-34.3L311.4 296H24c-13.3 0-24-10.7-24-24v-32c0-13.3 10.7-24 24-24h287.4L190.9 101.2c-9.8-9.3-10-24.8-.4-34.3z\"><\/path><\/svg>\t\t\t<\/span>\n\t\t\t\t\t\t\t\t\t<span class=\"elementor-button-text\">Talk to us<\/span>\n\t\t\t\t\t<\/span>\n\t\t\t\t\t<\/a>\n\t\t\t\t<\/div>\n\t\t\t\t\t\t\t\t<\/div>\n\t\t\t\t<\/div>\n\t\t\t\t<\/div>\n\t\t\t\t\t<\/div>\n\t\t\t\t<\/div>\n\t\t\t\t<\/div>","protected":false},"excerpt":{"rendered":"<p>Galeria de fotos Nosso comprometimento com a excel\u00eancia em nossos trabalhos ao longo dos anos atrav\u00e9s da galeria de fotos Precisando de ajuda? Fale com o nosso time atrav\u00e9s do WhatsApp Fale com a nossa equipe no WhatsApp e transforme as suas a\u00e7\u00f5es em impactos positivos Falar com a gente<\/p>","protected":false},"author":1,"featured_media":0,"parent":0,"menu_order":0,"comment_status":"closed","ping_status":"closed","template":"elementor_header_footer","meta":{"footnotes":""},"class_list":["post-808","page","type-page","status-publish","hentry"],"_links":{"self":[{"href":"https:\/\/econserv.com.br\/en\/wp-json\/wp\/v2\/pages\/808","targetHints":{"allow":["GET"]}}],"collection":[{"href":"https:\/\/econserv.com.br\/en\/wp-json\/wp\/v2\/pages"}],"about":[{"href":"https:\/\/econserv.com.br\/en\/wp-json\/wp\/v2\/types\/page"}],"author":[{"embeddable":true,"href":"https:\/\/econserv.com.br\/en\/wp-json\/wp\/v2\/users\/1"}],"replies":[{"embeddable":true,"href":"https:\/\/econserv.com.br\/en\/wp-json\/wp\/v2\/comments?post=808"}],"version-history":[{"count":37,"href":"https:\/\/econserv.com.br\/en\/wp-json\/wp\/v2\/pages\/808\/revisions"}],"predecessor-version":[{"id":1520,"href":"https:\/\/econserv.com.br\/en\/wp-json\/wp\/v2\/pages\/808\/revisions\/1520"}],"wp:attachment":[{"href":"https:\/\/econserv.com.br\/en\/wp-json\/wp\/v2\/media?parent=808"}],"curies":[{"name":"wp","href":"https:\/\/api.w.org\/{rel}","templated":true}]}}